{"id":52,"date":"2018-02-05T16:09:14","date_gmt":"2018-02-05T16:09:14","guid":{"rendered":"http:\/\/ls1.usac.edu.gt\/archivo.usac.edu.gt\/public_html\/?page_id=52"},"modified":"2022-03-21T21:23:42","modified_gmt":"2022-03-21T21:23:42","slug":"mision-y-vision","status":"publish","type":"page","link":"https:\/\/archivo.usac.edu.gt\/index.php\/acerca-de\/mision-y-vision\/","title":{"rendered":"Misi\u00f3n y Visi\u00f3n"},"content":{"rendered":"\n<div class=\"wp-block-columns is-layout-flex wp-container-core-columns-is-layout-1 wp-block-columns-is-layout-flex\">\n<div class=\"wp-block-column is-layout-flow wp-block-column-is-layout-flow\">\n<h2 class=\"wp-block-heading\">Misi\u00f3n<\/h2>\n\n\n\n<p>Somos una dependencia de la Direcci\u00f3n General de Administraci\u00f3n que tiene como finalidad conservar, difundir y poner al servicio de la sociedad, el patrimonio documental hist\u00f3rico producido en el ejercicio de las funciones y actividades de la Universidad de San Carlos de Guatemala, asimismo, proveer la metodolog\u00eda para el eficiente funcionamiento de los archivos de la Instituci\u00f3n.<\/p>\n\n\n\n<p>Adem\u00e1s, evaluar los archivos de la Universidad de San Carlos de Guatemala, as\u00ed como, asesorar y capacitar a su recurso humano en el campo de la archiv\u00edstica y, cuando sea solicitado, en entidades p\u00fablicas, privadas y particulares.<\/p>\n\n\n\n<hr class=\"wp-block-separator is-style-wide\"\/>\n\n\n\n<h2 class=\"wp-block-heading\">Visi\u00f3n<\/h2>\n\n\n\n<p>Ser un archivo hist\u00f3rico integrado al Sistema Archiv\u00edstico Institucional, reconocido a nivel nacional e internacional, que custodie y ponga al servicio de la sociedad, de manera \u00e1gil y eficiente con tecnolog\u00eda actualizada, el patrimonio documental hist\u00f3rico de la Universidad de San Carlos de Guatemala. Su recurso humano estar\u00e1 capacitado en el campo archiv\u00edstico, en constante actualizaci\u00f3n, identificado y comprometido con su funci\u00f3n.<\/p>\n<\/div>\n\n\n\n<div class=\"wp-block-column is-layout-flow wp-block-column-is-layout-flow\">\n<figure class=\"wp-block-image size-full is-resized\"><img loading=\"lazy\" decoding=\"async\" src=\"https:\/\/archivo.usac.edu.gt\/wp-content\/uploads\/2022\/03\/img001.jpg\" alt=\"\" class=\"wp-image-980\" width=\"300\" height=\"750\" srcset=\"https:\/\/archivo.usac.edu.gt\/wp-content\/uploads\/2022\/03\/img001.jpg 400w, https:\/\/archivo.usac.edu.gt\/wp-content\/uploads\/2022\/03\/img001-120x300.jpg 120w\" sizes=\"auto, (max-width: 300px) 100vw, 300px\" \/><\/figure>\n<\/div>\n<\/div>\n","protected":false},"excerpt":{"rendered":"<p>Misi\u00f3n Somos una dependencia de la Direcci\u00f3n General de Administraci\u00f3n que tiene como finalidad conservar, difundir y poner al servicio de la sociedad, el patrimonio documental hist\u00f3rico producido en el ejercicio de las funciones y actividades de la Universidad de San Carlos de Guatemala, asimismo, proveer la metodolog\u00eda para el eficiente funcionamiento de los archivos [&hellip;]<\/p>\n","protected":false},"author":4,"featured_media":0,"parent":17,"menu_order":0,"comment_status":"closed","ping_status":"closed","template":"","meta":{"footnotes":""},"class_list":["post-52","page","type-page","status-publish","czr-hentry"],"_links":{"self":[{"href":"https:\/\/archivo.usac.edu.gt\/index.php\/wp-json\/wp\/v2\/pages\/52","targetHints":{"allow":["GET"]}}],"collection":[{"href":"https:\/\/archivo.usac.edu.gt\/index.php\/wp-json\/wp\/v2\/pages"}],"about":[{"href":"https:\/\/archivo.usac.edu.gt\/index.php\/wp-json\/wp\/v2\/types\/page"}],"author":[{"embeddable":true,"href":"https:\/\/archivo.usac.edu.gt\/index.php\/wp-json\/wp\/v2\/users\/4"}],"replies":[{"embeddable":true,"href":"https:\/\/archivo.usac.edu.gt\/index.php\/wp-json\/wp\/v2\/comments?post=52"}],"version-history":[{"count":15,"href":"https:\/\/archivo.usac.edu.gt\/index.php\/wp-json\/wp\/v2\/pages\/52\/revisions"}],"predecessor-version":[{"id":984,"href":"https:\/\/archivo.usac.edu.gt\/index.php\/wp-json\/wp\/v2\/pages\/52\/revisions\/984"}],"up":[{"embeddable":true,"href":"https:\/\/archivo.usac.edu.gt\/index.php\/wp-json\/wp\/v2\/pages\/17"}],"wp:attachment":[{"href":"https:\/\/archivo.usac.edu.gt\/index.php\/wp-json\/wp\/v2\/media?parent=52"}],"curies":[{"name":"wp","href":"https:\/\/api.w.org\/{rel}","templated":true}]}}