{"id":50,"date":"2018-02-05T16:08:14","date_gmt":"2018-02-05T16:08:14","guid":{"rendered":"http:\/\/ls1.usac.edu.gt\/archivo.usac.edu.gt\/public_html\/?page_id=50"},"modified":"2022-04-20T14:15:50","modified_gmt":"2022-04-20T14:15:50","slug":"antecedentes-historicos","status":"publish","type":"page","link":"https:\/\/archivo.usac.edu.gt\/index.php\/acerca-de\/antecedentes-historicos\/","title":{"rendered":"Antecedentes Hist\u00f3ricos"},"content":{"rendered":"\n<p>Al definir las funciones de la Direcci\u00f3n General de Administraci\u00f3n, en 1985, se prev\u00e9 la necesidad del funcionamiento de un archivo general para la Universidad. Sin embargo, con Acuerdo de Rector\u00eda No. 1,431 del 11 de noviembre de 1986, se crea el Archivo y Centro de Documentaci\u00f3n General de la Universidad de San Carlos. Durante el primer semestre de su funcionamiento, se le conoce como Divisi\u00f3n de Archivo y Centro de Documentaci\u00f3n General y orienta sus esfuerzos hacia la conformaci\u00f3n del archivo de la Universidad.<\/p>\n\n\n\n<div class=\"wp-block-columns is-layout-flex wp-container-core-columns-is-layout-1 wp-block-columns-is-layout-flex\">\n<div class=\"wp-block-column is-layout-flow wp-block-column-is-layout-flow\">\n<p>Adicionalmente, al Archivo y Centro de Documentaci\u00f3n General de la Universidad de San Carlos se le transfiere el recurso documental, financiero y humano as\u00ed como el mobiliario y equipo de la Secci\u00f3n de Archivo y Referencia de la Divisi\u00f3n de Publicidad e Informaci\u00f3n. Esta Secci\u00f3n es creada a trav\u00e9s del nombramiento de su Jefe en el Acuerdo de Rector\u00eda No. 483-81, del 26 de junio de 1981.<\/p>\n\n\n\n<p>Posteriormente, en la Unidad de Clasificaci\u00f3n de Puestos, con base en el Acuerdo de Rector\u00eda No. 149-87 donde se nombra a la Jefa de esta nueva unidad, se realiza un estudio somero para la clasificaci\u00f3n de ese puesto y en el Dictamen DAPC 81-87 del 29 de abril de 1987, se concluye que el nombre Jefe de Archivo y Centro de Documentaci\u00f3n era espec\u00edfico y \u00fanico para la Unidad. Adem\u00e1s, se le considera inconveniente, porque hab\u00eda otras unidades de similar naturaleza con puestos de categor\u00edas gen\u00e9ricas, por lo que se le asigna la denominaci\u00f3n y la escala de Jefe de Centro de Documentaci\u00f3n y Referencia I.<\/p>\n<\/div>\n\n\n\n<div class=\"wp-block-column is-layout-flow wp-block-column-is-layout-flow\">\n<figure class=\"wp-block-image size-full\"><img loading=\"lazy\" decoding=\"async\" width=\"500\" height=\"375\" src=\"https:\/\/archivo.usac.edu.gt\/wp-content\/uploads\/2019\/02\/Antecedentes.jpg\" alt=\"\" class=\"wp-image-635\" srcset=\"https:\/\/archivo.usac.edu.gt\/wp-content\/uploads\/2019\/02\/Antecedentes.jpg 500w, https:\/\/archivo.usac.edu.gt\/wp-content\/uploads\/2019\/02\/Antecedentes-300x225.jpg 300w\" sizes=\"auto, (max-width: 500px) 100vw, 500px\" \/><\/figure>\n<\/div>\n<\/div>\n\n\n\n<p>A partir de este dictamen, se decidi\u00f3 suprimir las funciones de archivo y mantener las funciones de un centro de documentaci\u00f3n y referencia. Por algunos a\u00f1os a esta Unidad se le conoci\u00f3 como Centro de Documentaci\u00f3n y Referencia I.<\/p>\n\n\n\n<p>Despu\u00e9s de un diagn\u00f3stico que es realizado en 1992, se hace evidente la necesidad institucional de contar con una unidad en la que se realizaran funciones de archivo general de la Universidad y no de un centro de documentaci\u00f3n general. Por esa raz\u00f3n, con el Acuerdo de Rector\u00eda No.1,423-93 se le modifica el nombre, se le denomina Archivo General de la Universidad de San Carlos de Guatemala y se le definen sus funciones como tal.<\/p>\n\n\n\n<hr class=\"wp-block-separator is-style-wide\"\/>\n","protected":false},"excerpt":{"rendered":"<p>Al definir las funciones de la Direcci\u00f3n General de Administraci\u00f3n, en 1985, se prev\u00e9 la necesidad del funcionamiento de un archivo general para la Universidad. Sin embargo, con Acuerdo de Rector\u00eda No. 1,431 del 11 de noviembre de 1986, se crea el Archivo y Centro de Documentaci\u00f3n General de la Universidad de San Carlos. Durante [&hellip;]<\/p>\n","protected":false},"author":4,"featured_media":0,"parent":17,"menu_order":4,"comment_status":"closed","ping_status":"closed","template":"","meta":{"footnotes":""},"class_list":["post-50","page","type-page","status-publish","czr-hentry"],"_links":{"self":[{"href":"https:\/\/archivo.usac.edu.gt\/index.php\/wp-json\/wp\/v2\/pages\/50","targetHints":{"allow":["GET"]}}],"collection":[{"href":"https:\/\/archivo.usac.edu.gt\/index.php\/wp-json\/wp\/v2\/pages"}],"about":[{"href":"https:\/\/archivo.usac.edu.gt\/index.php\/wp-json\/wp\/v2\/types\/page"}],"author":[{"embeddable":true,"href":"https:\/\/archivo.usac.edu.gt\/index.php\/wp-json\/wp\/v2\/users\/4"}],"replies":[{"embeddable":true,"href":"https:\/\/archivo.usac.edu.gt\/index.php\/wp-json\/wp\/v2\/comments?post=50"}],"version-history":[{"count":13,"href":"https:\/\/archivo.usac.edu.gt\/index.php\/wp-json\/wp\/v2\/pages\/50\/revisions"}],"predecessor-version":[{"id":1015,"href":"https:\/\/archivo.usac.edu.gt\/index.php\/wp-json\/wp\/v2\/pages\/50\/revisions\/1015"}],"up":[{"embeddable":true,"href":"https:\/\/archivo.usac.edu.gt\/index.php\/wp-json\/wp\/v2\/pages\/17"}],"wp:attachment":[{"href":"https:\/\/archivo.usac.edu.gt\/index.php\/wp-json\/wp\/v2\/media?parent=50"}],"curies":[{"name":"wp","href":"https:\/\/api.w.org\/{rel}","templated":true}]}}