{"id":144,"date":"2018-02-13T18:31:53","date_gmt":"2018-02-13T18:31:53","guid":{"rendered":"http:\/\/ls1.usac.edu.gt\/archivo.usac.edu.gt\/public_html\/?page_id=144"},"modified":"2022-04-20T17:27:54","modified_gmt":"2022-04-20T17:27:54","slug":"boletin-koletamabal","status":"publish","type":"page","link":"https:\/\/archivo.usac.edu.gt\/index.php\/articulos\/boletin-koletamabal\/","title":{"rendered":"Bolet\u00edn K\u2019oleta\u2019mab\u2019al"},"content":{"rendered":"\n<hr class=\"wp-block-separator\"\/>\n\n\n\n<h2 class=\"wp-block-heading\">Bolet\u00edn 2013<\/h2>\n\n\n\n<p>Contiene informaci\u00f3n sobre salud ocupacional de los trabajadores en los archivos, las ventajas y desventajas de&nbsp;un archivo sin papel,&nbsp;buenas pr\u00e1cticas para la reducci\u00f3n de uso de papel en las oficinas, clasificaci\u00f3n de documentos electr\u00f3nicos o digitales. As\u00ed como, incluye informaci\u00f3n sobre la vida acad\u00e9mica del doctor Carlos Federico Mora y del licenciado Julio Valladares M\u00e1rquez,&nbsp; ex rectores de esta Casa de Estudios.&nbsp; Por \u00faltimo, encontrar\u00e1 informaci\u00f3n sobre la Proyecci\u00f3n de Extensi\u00f3n del Archivo General.<\/p>\n\n\n\n<p><a class=\"fasc-button fasc-size-large fasc-type-flat fasc-ico-before dashicons-admin-page\" style=\"background-color: #db9e11; color: #ffffff;\" href=\"https:\/\/archivo.usac.edu.gt\/wp-content\/uploads\/2019\/01\/Bolet\u00edn-2013-No.-1-2013.pdf\">Descargar bolet\u00edn<\/a><\/p>\n\n\n\n<hr class=\"wp-block-separator\"\/>\n\n\n\n<h2 class=\"wp-block-heading\">Bolet\u00edn 2012<\/h2>\n\n\n\n<p>Contiene informaci\u00f3n sobre&nbsp;estrategias o sistemas de preservaci\u00f3n digital,&nbsp; firma electr\u00f3nica, historia de algunas unidades acad\u00e9micas y administrativas. Adem\u00e1s, se informa sobre las actividades que el Agusac realiz\u00f3 como Proyecci\u00f3n de Extensi\u00f3n.<\/p>\n\n\n\n<p><a class=\"fasc-button fasc-size-large fasc-type-flat fasc-ico-before dashicons-admin-page\" style=\"background-color: #db9e11; color: #ffffff;\" href=\"https:\/\/archivo.usac.edu.gt\/wp-content\/uploads\/2019\/01\/Bolet\u00edn-2012-No.-2-2012.pdf\">Descargar bolet\u00edn<\/a><\/p>\n\n\n\n<hr class=\"wp-block-separator\"\/>\n\n\n\n<h2 class=\"wp-block-heading\">Bolet\u00edn 2011<\/h2>\n\n\n\n<p>En esta edici\u00f3n del bolet\u00edn se presenta el <em>Calendario de conservaci\u00f3n y eliminaci\u00f3n de documentos de la Universidad de San Carlos de Guatemala<\/em>, con Reglas de conservaci\u00f3n aprobadas hasta el a\u00f1o 2012. Asimismo, el <em>Calendario de eliminaci\u00f3n de documentos desde los archivos de gesti\u00f3n y centrales,&nbsp;<\/em>que rigen en nuestra instituci\u00f3n. La versi\u00f3n completa, de cada instrumento, puede descargarse desde la p\u00e1gina web del Archivo General.<\/p>\n\n\n\n<p><a class=\"fasc-button fasc-size-large fasc-type-flat fasc-ico-before dashicons-admin-page\" style=\"background-color: #db9e11; color: #ffffff;\" href=\"https:\/\/archivo.usac.edu.gt\/wp-content\/uploads\/2019\/01\/Bolet\u00edn-2011-No.-1-2011.pdf\">Descargar bolet\u00edn<\/a><\/p>\n\n\n\n<hr class=\"wp-block-separator\"\/>\n\n\n\n<h2 class=\"wp-block-heading\">Bolet\u00edn 2010<\/h2>\n\n\n\n<p>Esta edici\u00f3n del bolet\u00edn contiene informaci\u00f3n sobre preservaci\u00f3n y conservaci\u00f3n de colecciones fotogr\u00e1ficas (1864-1990), importancia de la informatizaci\u00f3n de los documentos del Archivo General para el f\u00e1cil acceso a la informaci\u00f3n.&nbsp; Adem\u00e1s, incluye datos hist\u00f3ricos acerca de la Universidad, importancia del funcionamiento de un taller de restauraci\u00f3n documental, definici\u00f3n y caracter\u00edsticas del documento digital. Por \u00faltimo, indica las actividades desarrolladas en el Agusac como parte de la Proyecci\u00f3n de extensi\u00f3n.<\/p>\n\n\n\n<p><a class=\"fasc-button fasc-size-large fasc-type-flat fasc-ico-before dashicons-admin-page\" style=\"background-color: #db9e11; color: #ffffff;\" href=\"https:\/\/archivo.usac.edu.gt\/wp-content\/uploads\/2019\/02\/Bolet\u00edn-2010-No.-1-2010.pdf\">Descargar bolet\u00edn<\/a><\/p>\n\n\n\n<hr class=\"wp-block-separator\"\/>\n\n\n\n<h2 class=\"wp-block-heading\">Bolet\u00edn 2009<\/h2>\n\n\n\n<p>Esta edici\u00f3n del bolet\u00edn se presenta informaci\u00f3n sobre la <em>Preservaci\u00f3n y conservaci\u00f3n de colecciones fotogr\u00e1ficas (1839-1885), <\/em>Sistema Institucional de Archivos de la USAC, Reglas de conservaci\u00f3n de documentos de archivo de esta Instituci\u00f3n, autorizadas por el Comit\u00e9 Institucional de Selecci\u00f3n y Eliminaci\u00f3n de Documentos CISED, entre el a\u00f1o 2000 al 2009, P\u00e1gina Web del Archivo General, acceso a los documentos de archivo, avances del trabajo realizado y la proyecci\u00f3n de extensi\u00f3n en el Agusac.<\/p>\n\n\n\n<p><a class=\"fasc-button fasc-size-large fasc-type-flat fasc-ico-before dashicons-admin-page\" style=\"background-color: #db9e11; color: #ffffff;\" href=\"https:\/\/archivo.usac.edu.gt\/wp-content\/uploads\/2019\/02\/Bolet\u00edn-2009-No.-1-2009.pdf\">Descargar bolet\u00edn<\/a><\/p>\n\n\n\n<hr class=\"wp-block-separator\"\/>\n","protected":false},"excerpt":{"rendered":"<p>Bolet\u00edn 2013 Contiene informaci\u00f3n sobre salud ocupacional de los trabajadores en los archivos, las ventajas y desventajas de&nbsp;un archivo sin papel,&nbsp;buenas pr\u00e1cticas para la reducci\u00f3n de uso de papel en las oficinas, clasificaci\u00f3n de documentos electr\u00f3nicos o digitales. As\u00ed como, incluye informaci\u00f3n sobre la vida acad\u00e9mica del doctor Carlos Federico Mora y del licenciado Julio [&hellip;]<\/p>\n","protected":false},"author":4,"featured_media":0,"parent":99,"menu_order":1,"comment_status":"closed","ping_status":"closed","template":"","meta":{"footnotes":""},"class_list":["post-144","page","type-page","status-publish","czr-hentry"],"_links":{"self":[{"href":"https:\/\/archivo.usac.edu.gt\/index.php\/wp-json\/wp\/v2\/pages\/144","targetHints":{"allow":["GET"]}}],"collection":[{"href":"https:\/\/archivo.usac.edu.gt\/index.php\/wp-json\/wp\/v2\/pages"}],"about":[{"href":"https:\/\/archivo.usac.edu.gt\/index.php\/wp-json\/wp\/v2\/types\/page"}],"author":[{"embeddable":true,"href":"https:\/\/archivo.usac.edu.gt\/index.php\/wp-json\/wp\/v2\/users\/4"}],"replies":[{"embeddable":true,"href":"https:\/\/archivo.usac.edu.gt\/index.php\/wp-json\/wp\/v2\/comments?post=144"}],"version-history":[{"count":26,"href":"https:\/\/archivo.usac.edu.gt\/index.php\/wp-json\/wp\/v2\/pages\/144\/revisions"}],"predecessor-version":[{"id":1074,"href":"https:\/\/archivo.usac.edu.gt\/index.php\/wp-json\/wp\/v2\/pages\/144\/revisions\/1074"}],"up":[{"embeddable":true,"href":"https:\/\/archivo.usac.edu.gt\/index.php\/wp-json\/wp\/v2\/pages\/99"}],"wp:attachment":[{"href":"https:\/\/archivo.usac.edu.gt\/index.php\/wp-json\/wp\/v2\/media?parent=144"}],"curies":[{"name":"wp","href":"https:\/\/api.w.org\/{rel}","templated":true}]}}