{"id":142,"date":"2018-02-13T18:31:22","date_gmt":"2018-02-13T18:31:22","guid":{"rendered":"http:\/\/ls1.usac.edu.gt\/archivo.usac.edu.gt\/public_html\/?page_id=142"},"modified":"2018-02-13T18:31:22","modified_gmt":"2018-02-13T18:31:22","slug":"articulo-sobre-teoria-archivistica","status":"publish","type":"page","link":"https:\/\/archivo.usac.edu.gt\/index.php\/articulos\/articulo-sobre-teoria-archivistica\/","title":{"rendered":"Art\u00edculo Sobre Teor\u00eda Archiv\u00edstica"},"content":{"rendered":"","protected":false},"excerpt":{"rendered":"","protected":false},"author":4,"featured_media":0,"parent":99,"menu_order":0,"comment_status":"closed","ping_status":"closed","template":"","meta":{"footnotes":""},"class_list":["post-142","page","type-page","status-publish","czr-hentry"],"_links":{"self":[{"href":"https:\/\/archivo.usac.edu.gt\/index.php\/wp-json\/wp\/v2\/pages\/142","targetHints":{"allow":["GET"]}}],"collection":[{"href":"https:\/\/archivo.usac.edu.gt\/index.php\/wp-json\/wp\/v2\/pages"}],"about":[{"href":"https:\/\/archivo.usac.edu.gt\/index.php\/wp-json\/wp\/v2\/types\/page"}],"author":[{"embeddable":true,"href":"https:\/\/archivo.usac.edu.gt\/index.php\/wp-json\/wp\/v2\/users\/4"}],"replies":[{"embeddable":true,"href":"https:\/\/archivo.usac.edu.gt\/index.php\/wp-json\/wp\/v2\/comments?post=142"}],"version-history":[{"count":1,"href":"https:\/\/archivo.usac.edu.gt\/index.php\/wp-json\/wp\/v2\/pages\/142\/revisions"}],"predecessor-version":[{"id":143,"href":"https:\/\/archivo.usac.edu.gt\/index.php\/wp-json\/wp\/v2\/pages\/142\/revisions\/143"}],"up":[{"embeddable":true,"href":"https:\/\/archivo.usac.edu.gt\/index.php\/wp-json\/wp\/v2\/pages\/99"}],"wp:attachment":[{"href":"https:\/\/archivo.usac.edu.gt\/index.php\/wp-json\/wp\/v2\/media?parent=142"}],"curies":[{"name":"wp","href":"https:\/\/api.w.org\/{rel}","templated":true}]}}