{"id":138,"date":"2018-02-13T18:28:35","date_gmt":"2018-02-13T18:28:35","guid":{"rendered":"http:\/\/ls1.usac.edu.gt\/archivo.usac.edu.gt\/public_html\/?page_id=138"},"modified":"2022-04-25T17:02:32","modified_gmt":"2022-04-25T17:02:32","slug":"escuela-de-capacitacion","status":"publish","type":"page","link":"https:\/\/archivo.usac.edu.gt\/index.php\/acerca-de\/descripcion-de-areas\/escuela-de-capacitacion\/","title":{"rendered":"Escuela de Capacitaci\u00f3n"},"content":{"rendered":"\n<div class=\"wp-block-columns is-layout-flex wp-container-core-columns-is-layout-1 wp-block-columns-is-layout-flex\">\n<div class=\"wp-block-column is-layout-flow wp-block-column-is-layout-flow\">\n<h2 class=\"wp-block-heading\">Objetivo<\/h2>\n\n\n\n<p>Capacitar al personal responsable de archivos de la Universidad, en la organizaci\u00f3n de los mismos.<\/p>\n<\/div>\n\n\n\n<div class=\"wp-block-column is-layout-flow wp-block-column-is-layout-flow\">\n<figure class=\"wp-block-image size-large is-resized\"><img loading=\"lazy\" decoding=\"async\" src=\"https:\/\/archivo.usac.edu.gt\/wp-content\/uploads\/2019\/05\/SAM_5313-1024x768.jpg\" alt=\"\" class=\"wp-image-829\" width=\"512\" height=\"384\" srcset=\"https:\/\/archivo.usac.edu.gt\/wp-content\/uploads\/2019\/05\/SAM_5313-1024x768.jpg 1024w, https:\/\/archivo.usac.edu.gt\/wp-content\/uploads\/2019\/05\/SAM_5313-300x225.jpg 300w, https:\/\/archivo.usac.edu.gt\/wp-content\/uploads\/2019\/05\/SAM_5313-768x576.jpg 768w\" sizes=\"auto, (max-width: 512px) 100vw, 512px\" \/><figcaption>Taller Clasificaci\u00f3n de Documentos<\/figcaption><\/figure>\n<\/div>\n<\/div>\n\n\n\n<div class=\"wp-block-columns is-layout-flex wp-container-core-columns-is-layout-2 wp-block-columns-is-layout-flex\">\n<div class=\"wp-block-column is-layout-flow wp-block-column-is-layout-flow\">\n<h2 class=\"wp-block-heading\">Funciones<\/h2>\n\n\n\n<hr class=\"wp-block-separator\"\/>\n\n\n\n<p>a) Identificar necesidades de capacitaci\u00f3n en el personal responsable de archivos de las unidades acad\u00e9micas y administrativas de la Universidad.<\/p>\n\n\n\n<p>b) Planificar y ejecutar programas de capacitaci\u00f3n en organizaci\u00f3n, descripci\u00f3n, valoraci\u00f3n, eliminaci\u00f3n, preservaci\u00f3n de documentos y otros afines a los objetivos de los archivos, para el recurso humano universitario y extrauniversitario.<\/p>\n<\/div>\n\n\n\n<div class=\"wp-block-column is-layout-flow wp-block-column-is-layout-flow\">\n<figure class=\"wp-block-image size-large\"><img loading=\"lazy\" decoding=\"async\" width=\"1024\" height=\"768\" src=\"https:\/\/archivo.usac.edu.gt\/wp-content\/uploads\/2019\/05\/SAM_5354-1024x768.jpg\" alt=\"\" class=\"wp-image-828\" srcset=\"https:\/\/archivo.usac.edu.gt\/wp-content\/uploads\/2019\/05\/SAM_5354-1024x768.jpg 1024w, https:\/\/archivo.usac.edu.gt\/wp-content\/uploads\/2019\/05\/SAM_5354-300x225.jpg 300w, https:\/\/archivo.usac.edu.gt\/wp-content\/uploads\/2019\/05\/SAM_5354-768x576.jpg 768w\" sizes=\"auto, (max-width: 1024px) 100vw, 1024px\" \/><figcaption>Clasificaci\u00f3n de documentos<\/figcaption><\/figure>\n<\/div>\n<\/div>\n","protected":false},"excerpt":{"rendered":"<p>Objetivo Capacitar al personal responsable de archivos de la Universidad, en la organizaci\u00f3n de los mismos. Funciones a) Identificar necesidades de capacitaci\u00f3n en el personal responsable de archivos de las unidades acad\u00e9micas y administrativas de la Universidad. b) Planificar y ejecutar programas de capacitaci\u00f3n en organizaci\u00f3n, descripci\u00f3n, valoraci\u00f3n, eliminaci\u00f3n, preservaci\u00f3n de documentos y otros afines [&hellip;]<\/p>\n","protected":false},"author":4,"featured_media":0,"parent":121,"menu_order":7,"comment_status":"closed","ping_status":"closed","template":"","meta":{"footnotes":""},"class_list":["post-138","page","type-page","status-publish","czr-hentry"],"_links":{"self":[{"href":"https:\/\/archivo.usac.edu.gt\/index.php\/wp-json\/wp\/v2\/pages\/138","targetHints":{"allow":["GET"]}}],"collection":[{"href":"https:\/\/archivo.usac.edu.gt\/index.php\/wp-json\/wp\/v2\/pages"}],"about":[{"href":"https:\/\/archivo.usac.edu.gt\/index.php\/wp-json\/wp\/v2\/types\/page"}],"author":[{"embeddable":true,"href":"https:\/\/archivo.usac.edu.gt\/index.php\/wp-json\/wp\/v2\/users\/4"}],"replies":[{"embeddable":true,"href":"https:\/\/archivo.usac.edu.gt\/index.php\/wp-json\/wp\/v2\/comments?post=138"}],"version-history":[{"count":13,"href":"https:\/\/archivo.usac.edu.gt\/index.php\/wp-json\/wp\/v2\/pages\/138\/revisions"}],"predecessor-version":[{"id":1092,"href":"https:\/\/archivo.usac.edu.gt\/index.php\/wp-json\/wp\/v2\/pages\/138\/revisions\/1092"}],"up":[{"embeddable":true,"href":"https:\/\/archivo.usac.edu.gt\/index.php\/wp-json\/wp\/v2\/pages\/121"}],"wp:attachment":[{"href":"https:\/\/archivo.usac.edu.gt\/index.php\/wp-json\/wp\/v2\/media?parent=138"}],"curies":[{"name":"wp","href":"https:\/\/api.w.org\/{rel}","templated":true}]}}