{"id":136,"date":"2018-02-13T18:28:18","date_gmt":"2018-02-13T18:28:18","guid":{"rendered":"http:\/\/ls1.usac.edu.gt\/archivo.usac.edu.gt\/public_html\/?page_id=136"},"modified":"2022-04-20T21:29:43","modified_gmt":"2022-04-20T21:29:43","slug":"comite-institucional","status":"publish","type":"page","link":"https:\/\/archivo.usac.edu.gt\/index.php\/acerca-de\/descripcion-de-areas\/comite-institucional\/","title":{"rendered":"Comit\u00e9 Institucional de Selecci\u00f3n y Eliminaci\u00f3n de Documentos -CISED-"},"content":{"rendered":"\n<div class=\"wp-block-columns is-layout-flex wp-container-core-columns-is-layout-1 wp-block-columns-is-layout-flex\">\n<div class=\"wp-block-column is-layout-flow wp-block-column-is-layout-flow\">\n<h2 class=\"wp-block-heading\">Objetivo<\/h2>\n\n\n\n<p>Contar con un \u00f3rgano de consulta y apoyo al funcionamiento del Sistema Archiv\u00edstico Institucional.<\/p>\n\n\n\n<h2 class=\"wp-block-heading\">Funciones<\/h2>\n\n\n\n<ul class=\"wp-block-list\"><li>Apoyar, impulsar y participar activamente en todas las actividades del Sistema Archiv\u00edstico Institucional.<\/li><li>Presentar propuestas de actividades que coadyuven al mejoramiento del Sistema Archiv\u00edstico Institucional.<\/li><\/ul>\n<\/div>\n\n\n\n<div class=\"wp-block-column is-layout-flow wp-block-column-is-layout-flow\">\n<figure class=\"wp-block-image size-full\"><img loading=\"lazy\" decoding=\"async\" width=\"500\" height=\"375\" src=\"https:\/\/archivo.usac.edu.gt\/wp-content\/uploads\/2018\/11\/cised.jpg\" alt=\"\" class=\"wp-image-460\" srcset=\"https:\/\/archivo.usac.edu.gt\/wp-content\/uploads\/2018\/11\/cised.jpg 500w, https:\/\/archivo.usac.edu.gt\/wp-content\/uploads\/2018\/11\/cised-300x225.jpg 300w\" sizes=\"auto, (max-width: 500px) 100vw, 500px\" \/><figcaption>Integrantes del CISED<\/figcaption><\/figure>\n<\/div>\n<\/div>\n","protected":false},"excerpt":{"rendered":"<p>Objetivo Contar con un \u00f3rgano de consulta y apoyo al funcionamiento del Sistema Archiv\u00edstico Institucional. Funciones Apoyar, impulsar y participar activamente en todas las actividades del Sistema Archiv\u00edstico Institucional. Presentar propuestas de actividades que coadyuven al mejoramiento del Sistema Archiv\u00edstico Institucional.<\/p>\n","protected":false},"author":4,"featured_media":0,"parent":121,"menu_order":6,"comment_status":"closed","ping_status":"closed","template":"","meta":{"footnotes":""},"class_list":["post-136","page","type-page","status-publish","czr-hentry"],"_links":{"self":[{"href":"https:\/\/archivo.usac.edu.gt\/index.php\/wp-json\/wp\/v2\/pages\/136","targetHints":{"allow":["GET"]}}],"collection":[{"href":"https:\/\/archivo.usac.edu.gt\/index.php\/wp-json\/wp\/v2\/pages"}],"about":[{"href":"https:\/\/archivo.usac.edu.gt\/index.php\/wp-json\/wp\/v2\/types\/page"}],"author":[{"embeddable":true,"href":"https:\/\/archivo.usac.edu.gt\/index.php\/wp-json\/wp\/v2\/users\/4"}],"replies":[{"embeddable":true,"href":"https:\/\/archivo.usac.edu.gt\/index.php\/wp-json\/wp\/v2\/comments?post=136"}],"version-history":[{"count":8,"href":"https:\/\/archivo.usac.edu.gt\/index.php\/wp-json\/wp\/v2\/pages\/136\/revisions"}],"predecessor-version":[{"id":1090,"href":"https:\/\/archivo.usac.edu.gt\/index.php\/wp-json\/wp\/v2\/pages\/136\/revisions\/1090"}],"up":[{"embeddable":true,"href":"https:\/\/archivo.usac.edu.gt\/index.php\/wp-json\/wp\/v2\/pages\/121"}],"wp:attachment":[{"href":"https:\/\/archivo.usac.edu.gt\/index.php\/wp-json\/wp\/v2\/media?parent=136"}],"curies":[{"name":"wp","href":"https:\/\/api.w.org\/{rel}","templated":true}]}}