{"id":129,"date":"2018-02-13T18:26:14","date_gmt":"2018-02-13T18:26:14","guid":{"rendered":"http:\/\/ls1.usac.edu.gt\/archivo.usac.edu.gt\/public_html\/?page_id=129"},"modified":"2022-04-20T17:43:04","modified_gmt":"2022-04-20T17:43:04","slug":"area-de-preservacion","status":"publish","type":"page","link":"https:\/\/archivo.usac.edu.gt\/index.php\/acerca-de\/descripcion-de-areas\/area-de-preservacion\/","title":{"rendered":"\u00c1rea de Preservaci\u00f3n"},"content":{"rendered":"\n<div class=\"wp-block-columns is-layout-flex wp-container-core-columns-is-layout-1 wp-block-columns-is-layout-flex\">\n<div class=\"wp-block-column is-layout-flow wp-block-column-is-layout-flow\">\n<h2 class=\"wp-block-heading\">Objetivo<\/h2>\n\n\n\n<p>Proteger y conservar los documentos que constituyen el patrimonio documental hist\u00f3rico y cultural de la Universidad.<\/p>\n\n\n\n<figure class=\"wp-block-image size-large\"><img loading=\"lazy\" decoding=\"async\" width=\"768\" height=\"1024\" src=\"https:\/\/archivo.usac.edu.gt\/wp-content\/uploads\/2019\/05\/Tarja-Vicente-Ortiz-Br-Filosofia-1865-768x1024.jpg\" alt=\"\" class=\"wp-image-812\" srcset=\"https:\/\/archivo.usac.edu.gt\/wp-content\/uploads\/2019\/05\/Tarja-Vicente-Ortiz-Br-Filosofia-1865-768x1024.jpg 768w, https:\/\/archivo.usac.edu.gt\/wp-content\/uploads\/2019\/05\/Tarja-Vicente-Ortiz-Br-Filosofia-1865-225x300.jpg 225w\" sizes=\"auto, (max-width: 768px) 100vw, 768px\" \/><\/figure>\n<\/div>\n\n\n\n<div class=\"wp-block-column is-layout-flow wp-block-column-is-layout-flow\">\n<h2 class=\"wp-block-heading\">Funciones<\/h2>\n\n\n\n<ul class=\"wp-block-list\"><li>Establecer los procedimientos para la conservaci\u00f3n del patrimonio documental de la Universidad.<\/li><li>Mantener control sobre los documentos del Archivo General que sean m\u00e1s consultados o los que est\u00e9n en proceso de deterioro y reproducirlos con el fin de procurar la conservaci\u00f3n de los mismos.<\/li><li>Velar por el control de agentes de deterioro de documentos en el dep\u00f3sito documental.<\/li><\/ul>\n\n\n\n<figure class=\"wp-block-image size-large\"><img loading=\"lazy\" decoding=\"async\" width=\"1024\" height=\"768\" src=\"https:\/\/archivo.usac.edu.gt\/wp-content\/uploads\/2019\/05\/100-0028_IMG-1024x768.jpg\" alt=\"\" class=\"wp-image-814\" srcset=\"https:\/\/archivo.usac.edu.gt\/wp-content\/uploads\/2019\/05\/100-0028_IMG-1024x768.jpg 1024w, https:\/\/archivo.usac.edu.gt\/wp-content\/uploads\/2019\/05\/100-0028_IMG-300x225.jpg 300w, https:\/\/archivo.usac.edu.gt\/wp-content\/uploads\/2019\/05\/100-0028_IMG-768x576.jpg 768w, https:\/\/archivo.usac.edu.gt\/wp-content\/uploads\/2019\/05\/100-0028_IMG.jpg 1280w\" sizes=\"auto, (max-width: 1024px) 100vw, 1024px\" \/><\/figure>\n<\/div>\n<\/div>\n","protected":false},"excerpt":{"rendered":"<p>Objetivo Proteger y conservar los documentos que constituyen el patrimonio documental hist\u00f3rico y cultural de la Universidad. Funciones Establecer los procedimientos para la conservaci\u00f3n del patrimonio documental de la Universidad. Mantener control sobre los documentos del Archivo General que sean m\u00e1s consultados o los que est\u00e9n en proceso de deterioro y reproducirlos con el fin [&hellip;]<\/p>\n","protected":false},"author":4,"featured_media":0,"parent":121,"menu_order":3,"comment_status":"closed","ping_status":"closed","template":"","meta":{"footnotes":""},"class_list":["post-129","page","type-page","status-publish","czr-hentry"],"_links":{"self":[{"href":"https:\/\/archivo.usac.edu.gt\/index.php\/wp-json\/wp\/v2\/pages\/129","targetHints":{"allow":["GET"]}}],"collection":[{"href":"https:\/\/archivo.usac.edu.gt\/index.php\/wp-json\/wp\/v2\/pages"}],"about":[{"href":"https:\/\/archivo.usac.edu.gt\/index.php\/wp-json\/wp\/v2\/types\/page"}],"author":[{"embeddable":true,"href":"https:\/\/archivo.usac.edu.gt\/index.php\/wp-json\/wp\/v2\/users\/4"}],"replies":[{"embeddable":true,"href":"https:\/\/archivo.usac.edu.gt\/index.php\/wp-json\/wp\/v2\/comments?post=129"}],"version-history":[{"count":13,"href":"https:\/\/archivo.usac.edu.gt\/index.php\/wp-json\/wp\/v2\/pages\/129\/revisions"}],"predecessor-version":[{"id":1081,"href":"https:\/\/archivo.usac.edu.gt\/index.php\/wp-json\/wp\/v2\/pages\/129\/revisions\/1081"}],"up":[{"embeddable":true,"href":"https:\/\/archivo.usac.edu.gt\/index.php\/wp-json\/wp\/v2\/pages\/121"}],"wp:attachment":[{"href":"https:\/\/archivo.usac.edu.gt\/index.php\/wp-json\/wp\/v2\/media?parent=129"}],"curies":[{"name":"wp","href":"https:\/\/api.w.org\/{rel}","templated":true}]}}