{"id":127,"date":"2018-02-13T18:25:53","date_gmt":"2018-02-13T18:25:53","guid":{"rendered":"http:\/\/ls1.usac.edu.gt\/archivo.usac.edu.gt\/public_html\/?page_id=127"},"modified":"2022-04-20T17:37:58","modified_gmt":"2022-04-20T17:37:58","slug":"area-de-archivo-historico","status":"publish","type":"page","link":"https:\/\/archivo.usac.edu.gt\/index.php\/acerca-de\/descripcion-de-areas\/area-de-archivo-historico\/","title":{"rendered":"\u00c1rea de Archivo Hist\u00f3rico"},"content":{"rendered":"\n<h2 class=\"wp-block-heading\">Objetivos<\/h2>\n\n\n\n<div class=\"wp-block-columns is-layout-flex wp-container-core-columns-is-layout-1 wp-block-columns-is-layout-flex\">\n<div class=\"wp-block-column is-layout-flow wp-block-column-is-layout-flow\">\n<ul class=\"wp-block-list\"><li>Describir y custodiar el patrimonio documental hist\u00f3rico para ponerlo al servicio de la investigaci\u00f3n.<\/li><li>Dar la oportunidad al estudiante universitario, que curse carreras afines a las actividades del Archivo General, para que realice pr\u00e1cticas con los documentos que custodia la Depend<\/li><\/ul>\n<\/div>\n\n\n\n<div class=\"wp-block-column is-layout-flow wp-block-column-is-layout-flow\">\n<div class=\"wp-block-image\"><figure class=\"aligncenter\"><img loading=\"lazy\" decoding=\"async\" width=\"500\" height=\"375\" src=\"http:\/\/ls1.usac.edu.gt\/archivo.usac.edu.gt\/public_html\/wp-content\/uploads\/2018\/09\/archivohistorico.jpg\" alt=\"\" class=\"wp-image-388\" srcset=\"https:\/\/archivo.usac.edu.gt\/wp-content\/uploads\/2018\/09\/archivohistorico.jpg 500w, https:\/\/archivo.usac.edu.gt\/wp-content\/uploads\/2018\/09\/archivohistorico-300x225.jpg 300w\" sizes=\"auto, (max-width: 500px) 100vw, 500px\" \/><\/figure><\/div>\n<\/div>\n<\/div>\n\n\n\n<h2 class=\"wp-block-heading\">Funciones<\/h2>\n\n\n\n<hr class=\"wp-block-separator\"\/>\n\n\n\n<div class=\"wp-block-columns is-layout-flex wp-container-core-columns-is-layout-2 wp-block-columns-is-layout-flex\">\n<div class=\"wp-block-column is-layout-flow wp-block-column-is-layout-flow\">\n<ul class=\"wp-block-list\"><li>Investigar e identificar en los archivos de las unidades acad\u00e9micas y administrativas los documentos hist\u00f3ricos que se deben transferir al Archivo General.<\/li><li>Recibir y registrar los documentos que constituyen el patrimonio hist\u00f3rico de la Universidad, as\u00ed como documentaci\u00f3n privada y particular para su custodia en el Archivo General.<\/li><li>Realizar la descripci\u00f3n de los fondos documentales conservados en el Archivo General.<\/li><li>Gestionar en instituciones o con personas particulares la donaci\u00f3n de documentos relacionados con la historia de la Universidad de San Carlos de Guatemala.<\/li><li>Ser un centro de pr\u00e1cticas para el estudiante universitario que curse las carreras de Archiv\u00edstica, Historia, Museograf\u00eda y otras.<\/li><\/ul>\n<\/div>\n\n\n\n<div class=\"wp-block-column is-layout-flow wp-block-column-is-layout-flow\">\n<div class=\"wp-block-image wp-image-774\"><figure class=\"aligncenter size-large\"><img loading=\"lazy\" decoding=\"async\" width=\"1024\" height=\"460\" src=\"https:\/\/archivo.usac.edu.gt\/wp-content\/uploads\/2022\/04\/IMG_20220325_103644-1024x460.jpg\" alt=\"\" class=\"wp-image-1078\" srcset=\"https:\/\/archivo.usac.edu.gt\/wp-content\/uploads\/2022\/04\/IMG_20220325_103644-1024x460.jpg 1024w, https:\/\/archivo.usac.edu.gt\/wp-content\/uploads\/2022\/04\/IMG_20220325_103644-300x135.jpg 300w, https:\/\/archivo.usac.edu.gt\/wp-content\/uploads\/2022\/04\/IMG_20220325_103644-768x345.jpg 768w, https:\/\/archivo.usac.edu.gt\/wp-content\/uploads\/2022\/04\/IMG_20220325_103644-1536x691.jpg 1536w, https:\/\/archivo.usac.edu.gt\/wp-content\/uploads\/2022\/04\/IMG_20220325_103644-2048x921.jpg 2048w, https:\/\/archivo.usac.edu.gt\/wp-content\/uploads\/2022\/04\/IMG_20220325_103644-1110x500.jpg 1110w\" sizes=\"auto, (max-width: 1024px) 100vw, 1024px\" \/><figcaption>Patrimonio hist\u00f3rico de la USAC<\/figcaption><\/figure><\/div>\n<\/div>\n<\/div>\n","protected":false},"excerpt":{"rendered":"<p>Objetivos Describir y custodiar el patrimonio documental hist\u00f3rico para ponerlo al servicio de la investigaci\u00f3n. Dar la oportunidad al estudiante universitario, que curse carreras afines a las actividades del Archivo General, para que realice pr\u00e1cticas con los documentos que custodia la Depend Funciones Investigar e identificar en los archivos de las unidades acad\u00e9micas y administrativas [&hellip;]<\/p>\n","protected":false},"author":4,"featured_media":0,"parent":121,"menu_order":2,"comment_status":"closed","ping_status":"closed","template":"","meta":{"footnotes":""},"class_list":["post-127","page","type-page","status-publish","czr-hentry"],"_links":{"self":[{"href":"https:\/\/archivo.usac.edu.gt\/index.php\/wp-json\/wp\/v2\/pages\/127","targetHints":{"allow":["GET"]}}],"collection":[{"href":"https:\/\/archivo.usac.edu.gt\/index.php\/wp-json\/wp\/v2\/pages"}],"about":[{"href":"https:\/\/archivo.usac.edu.gt\/index.php\/wp-json\/wp\/v2\/types\/page"}],"author":[{"embeddable":true,"href":"https:\/\/archivo.usac.edu.gt\/index.php\/wp-json\/wp\/v2\/users\/4"}],"replies":[{"embeddable":true,"href":"https:\/\/archivo.usac.edu.gt\/index.php\/wp-json\/wp\/v2\/comments?post=127"}],"version-history":[{"count":11,"href":"https:\/\/archivo.usac.edu.gt\/index.php\/wp-json\/wp\/v2\/pages\/127\/revisions"}],"predecessor-version":[{"id":1079,"href":"https:\/\/archivo.usac.edu.gt\/index.php\/wp-json\/wp\/v2\/pages\/127\/revisions\/1079"}],"up":[{"embeddable":true,"href":"https:\/\/archivo.usac.edu.gt\/index.php\/wp-json\/wp\/v2\/pages\/121"}],"wp:attachment":[{"href":"https:\/\/archivo.usac.edu.gt\/index.php\/wp-json\/wp\/v2\/media?parent=127"}],"curies":[{"name":"wp","href":"https:\/\/api.w.org\/{rel}","templated":true}]}}