{"id":121,"date":"2018-02-13T18:24:50","date_gmt":"2018-02-13T18:24:50","guid":{"rendered":"http:\/\/ls1.usac.edu.gt\/archivo.usac.edu.gt\/public_html\/?page_id=121"},"modified":"2019-05-21T17:48:06","modified_gmt":"2019-05-21T17:48:06","slug":"descripcion-de-areas","status":"publish","type":"page","link":"https:\/\/archivo.usac.edu.gt\/index.php\/acerca-de\/descripcion-de-areas\/","title":{"rendered":"Descripci\u00f3n de \u00c1reas"},"content":{"rendered":"<p>Se describen las siguientes \u00e1reas:<\/p>\n<ul>\n<li><a href=\"https:\/\/archivo.usac.edu.gt\/index.php\/acerca-de\/descripcion-de-areas\/area-administrativa\/\">\u00c1rea Administrativa<\/a><\/li>\n<li><a href=\"https:\/\/archivo.usac.edu.gt\/index.php\/acerca-de\/descripcion-de-areas\/area-de-administracion-de-documentos\/\">\u00c1rea de Administraci\u00f3n de Documentos<\/a><\/li>\n<li><a href=\"https:\/\/archivo.usac.edu.gt\/index.php\/acerca-de\/descripcion-de-areas\/area-de-archivo-historico\/\">\u00c1rea de Archivo Hist\u00f3rico<\/a><\/li>\n<li><a href=\"https:\/\/archivo.usac.edu.gt\/index.php\/acerca-de\/descripcion-de-areas\/area-de-preservacion\/\">\u00c1rea de Preservaci\u00f3n<\/a><\/li>\n<li><a href=\"https:\/\/archivo.usac.edu.gt\/index.php\/acerca-de\/descripcion-de-areas\/area-de-servicios-complementarios\/\">\u00c1rea de Servicios Complementarios<\/a><\/li>\n<li><a href=\"https:\/\/archivo.usac.edu.gt\/index.php\/acerca-de\/descripcion-de-areas\/comite-consultivo\/\">Comit\u00e9 Consultivo<\/a><\/li>\n<li><a href=\"https:\/\/archivo.usac.edu.gt\/index.php\/acerca-de\/descripcion-de-areas\/comite-institucional\/\">Comit\u00e9 Institucional de Selecci\u00f3n y Eliminaci\u00f3n de Documentos -CISED<\/a>&#8211;<\/li>\n<li><a href=\"https:\/\/archivo.usac.edu.gt\/index.php\/acerca-de\/descripcion-de-areas\/escuela-de-capacitacion\/\">Escuela de Capacitaci\u00f3n<\/a><\/li>\n<li><a href=\"https:\/\/archivo.usac.edu.gt\/index.php\/acerca-de\/descripcion-de-areas\/unidad-de-consultoria-archivistica\/\">Unidad de Consultor\u00eda Archiv\u00edstica<\/a><\/li>\n<\/ul>\n","protected":false},"excerpt":{"rendered":"<p>Se describen las siguientes \u00e1reas: \u00c1rea Administrativa \u00c1rea de Administraci\u00f3n de Documentos \u00c1rea de Archivo Hist\u00f3rico \u00c1rea de Preservaci\u00f3n \u00c1rea de Servicios Complementarios Comit\u00e9 Consultivo Comit\u00e9 Institucional de Selecci\u00f3n y Eliminaci\u00f3n de Documentos -CISED&#8211; Escuela de Capacitaci\u00f3n Unidad de Consultor\u00eda Archiv\u00edstica<\/p>\n","protected":false},"author":4,"featured_media":0,"parent":17,"menu_order":7,"comment_status":"closed","ping_status":"closed","template":"","meta":{"footnotes":""},"class_list":["post-121","page","type-page","status-publish","czr-hentry"],"_links":{"self":[{"href":"https:\/\/archivo.usac.edu.gt\/index.php\/wp-json\/wp\/v2\/pages\/121","targetHints":{"allow":["GET"]}}],"collection":[{"href":"https:\/\/archivo.usac.edu.gt\/index.php\/wp-json\/wp\/v2\/pages"}],"about":[{"href":"https:\/\/archivo.usac.edu.gt\/index.php\/wp-json\/wp\/v2\/types\/page"}],"author":[{"embeddable":true,"href":"https:\/\/archivo.usac.edu.gt\/index.php\/wp-json\/wp\/v2\/users\/4"}],"replies":[{"embeddable":true,"href":"https:\/\/archivo.usac.edu.gt\/index.php\/wp-json\/wp\/v2\/comments?post=121"}],"version-history":[{"count":28,"href":"https:\/\/archivo.usac.edu.gt\/index.php\/wp-json\/wp\/v2\/pages\/121\/revisions"}],"predecessor-version":[{"id":806,"href":"https:\/\/archivo.usac.edu.gt\/index.php\/wp-json\/wp\/v2\/pages\/121\/revisions\/806"}],"up":[{"embeddable":true,"href":"https:\/\/archivo.usac.edu.gt\/index.php\/wp-json\/wp\/v2\/pages\/17"}],"wp:attachment":[{"href":"https:\/\/archivo.usac.edu.gt\/index.php\/wp-json\/wp\/v2\/media?parent=121"}],"curies":[{"name":"wp","href":"https:\/\/api.w.org\/{rel}","templated":true}]}}