{"id":119,"date":"2018-02-13T18:21:23","date_gmt":"2018-02-13T18:21:23","guid":{"rendered":"http:\/\/ls1.usac.edu.gt\/archivo.usac.edu.gt\/public_html\/?page_id=119"},"modified":"2018-09-11T18:41:24","modified_gmt":"2018-09-11T18:41:24","slug":"estructura-organica","status":"publish","type":"page","link":"https:\/\/archivo.usac.edu.gt\/index.php\/acerca-de\/estructura-organica\/","title":{"rendered":"Estructura Org\u00e1nica"},"content":{"rendered":"<p>El Archivo General de la Universidad de San Carlos de Guatemala es una dependencia de la Direcci\u00f3n General de Administraci\u00f3n y est\u00e1 conformada por el Comit\u00e9 Consultivo, Unidad de Consultor\u00eda, Escuela de Capacitaci\u00f3n, \u00c1rea Administrativa, \u00c1rea de Administraci\u00f3n de Documentos, Archivo Hist\u00f3rico, \u00c1rea de Preservaci\u00f3n y \u00c1rea de Servicios Complementarios de la cual depende la Sub\u00e1rea Publicaciones Impresas y Sub\u00e1rea de Divulgaci\u00f3n. Asimismo, a esta Dependencia la asiste el Comit\u00e9 Institucional de Selecci\u00f3n y Eliminaci\u00f3n de Documentos -CISED-.<\/p>\n<p><img loading=\"lazy\" decoding=\"async\" class=\"alignnone size-large wp-image-373\" src=\"http:\/\/ls1.usac.edu.gt\/archivo.usac.edu.gt\/public_html\/wp-content\/uploads\/2018\/09\/organigramaArchivo-1024x592.png\" alt=\"\" width=\"750\" height=\"434\" srcset=\"https:\/\/archivo.usac.edu.gt\/wp-content\/uploads\/2018\/09\/organigramaArchivo-1024x592.png 1024w, https:\/\/archivo.usac.edu.gt\/wp-content\/uploads\/2018\/09\/organigramaArchivo-300x173.png 300w, https:\/\/archivo.usac.edu.gt\/wp-content\/uploads\/2018\/09\/organigramaArchivo-768x444.png 768w\" sizes=\"auto, (max-width: 750px) 100vw, 750px\" \/><\/p>\n<p>&nbsp;<\/p>\n","protected":false},"excerpt":{"rendered":"<p>El Archivo General de la Universidad de San Carlos de Guatemala es una dependencia de la Direcci\u00f3n General de Administraci\u00f3n y est\u00e1 conformada por el Comit\u00e9 Consultivo, Unidad de Consultor\u00eda, Escuela de Capacitaci\u00f3n, \u00c1rea Administrativa, \u00c1rea de Administraci\u00f3n de Documentos, Archivo Hist\u00f3rico, \u00c1rea de Preservaci\u00f3n y \u00c1rea de Servicios Complementarios de la cual depende la [&hellip;]<\/p>\n","protected":false},"author":4,"featured_media":0,"parent":17,"menu_order":6,"comment_status":"closed","ping_status":"closed","template":"","meta":{"footnotes":""},"class_list":["post-119","page","type-page","status-publish","czr-hentry"],"_links":{"self":[{"href":"https:\/\/archivo.usac.edu.gt\/index.php\/wp-json\/wp\/v2\/pages\/119","targetHints":{"allow":["GET"]}}],"collection":[{"href":"https:\/\/archivo.usac.edu.gt\/index.php\/wp-json\/wp\/v2\/pages"}],"about":[{"href":"https:\/\/archivo.usac.edu.gt\/index.php\/wp-json\/wp\/v2\/types\/page"}],"author":[{"embeddable":true,"href":"https:\/\/archivo.usac.edu.gt\/index.php\/wp-json\/wp\/v2\/users\/4"}],"replies":[{"embeddable":true,"href":"https:\/\/archivo.usac.edu.gt\/index.php\/wp-json\/wp\/v2\/comments?post=119"}],"version-history":[{"count":7,"href":"https:\/\/archivo.usac.edu.gt\/index.php\/wp-json\/wp\/v2\/pages\/119\/revisions"}],"predecessor-version":[{"id":374,"href":"https:\/\/archivo.usac.edu.gt\/index.php\/wp-json\/wp\/v2\/pages\/119\/revisions\/374"}],"up":[{"embeddable":true,"href":"https:\/\/archivo.usac.edu.gt\/index.php\/wp-json\/wp\/v2\/pages\/17"}],"wp:attachment":[{"href":"https:\/\/archivo.usac.edu.gt\/index.php\/wp-json\/wp\/v2\/media?parent=119"}],"curies":[{"name":"wp","href":"https:\/\/api.w.org\/{rel}","templated":true}]}}